{"id":11,"date":"2016-06-23T09:43:42","date_gmt":"2016-06-23T09:43:42","guid":{"rendered":"http:\/\/vitamix.conasi.eu\/recetas\/?page_id=11"},"modified":"2020-06-12T06:51:00","modified_gmt":"2020-06-12T06:51:00","slug":"duracion-incomparable","status":"publish","type":"page","link":"https:\/\/www.vitamixespana.com\/recetas\/duracion-incomparable\/","title":{"rendered":"Duraci\u00f3n incomparable"},"content":{"rendered":"<div id=\"pl-11\"  class=\"panel-layout\" ><div id=\"pg-11-0\"  class=\"panel-grid panel-has-style\" ><div class=\"flexible panel-row-style panel-row-style-for-11-0\" ><div id=\"pgc-11-0-0\"  class=\"panel-grid-cell\" ><div id=\"panel-11-0-0-0\" class=\"so-panel widget widget_siteorigin-panels-builder panel-first-child panel-last-child\" data-index=\"0\" ><div id=\"pl-w5ee3249beda32\"  class=\"panel-layout\" ><div id=\"pg-w5ee3249beda32-0\"  class=\"panel-grid panel-no-style\" ><div id=\"pgc-w5ee3249beda32-0-0\"  class=\"panel-grid-cell\" ><div id=\"panel-w5ee3249beda32-0-0-0\" class=\"so-panel widget widget_sow-editor panel-first-child panel-last-child\" data-index=\"0\" ><div\n\t\t\t\n\t\t\tclass=\"so-widget-sow-editor so-widget-sow-editor-base\"\n\t\t\t\n\t\t>\n<div class=\"siteorigin-widget-tinymce textwidget\">\n\t<h1 style=\"text-align: center;\"><span style=\"color: #ffffff;\">DURACI\u00d3N INCOMPARABLE<\/span><\/h1>\n<p style=\"text-align: center;\"><span style=\"color: #ffffff;\"><strong>5-10 a\u00f1os de garant\u00eda para todos los componentes<\/strong><\/span><\/p>\n<p style=\"text-align: center;\"><span style=\"color: #ffffff;\">Adquirir una batidora Vitamix supone un gasto considerable, sin embargo, comprar una batidora barata puede no ser una muy buena inversi\u00f3n.<br \/>\nComprar Vitamix es comprar fiabilidad, ya que es una batidora para toda la vida: las batidoras Vitamix est\u00e1n dise\u00f1adas y construidas para durar.<\/span><\/p>\n<\/div>\n<\/div><\/div><\/div><\/div><\/div><\/div><\/div><\/div><\/div><div id=\"pg-11-1\"  class=\"panel-grid panel-no-style\" ><div id=\"pgc-11-1-0\"  class=\"panel-grid-cell\" ><div id=\"panel-11-1-0-0\" class=\"so-panel widget widget_siteorigin-panels-builder panel-first-child panel-last-child\" data-index=\"1\" ><div id=\"pl-w5ee325d51f079\"  class=\"panel-layout\" ><div id=\"pg-w5ee325d51f079-0\"  class=\"panel-grid panel-has-style\" ><div class=\"container panel-row-style panel-row-style-for-w5ee325d51f079-0\" ><div id=\"pgc-w5ee325d51f079-0-0\"  class=\"panel-grid-cell\" ><div id=\"panel-w5ee325d51f079-0-0-0\" class=\"so-panel widget widget_sow-editor panel-first-child panel-last-child\" data-index=\"0\" ><div\n\t\t\t\n\t\t\tclass=\"so-widget-sow-editor so-widget-sow-editor-base\"\n\t\t\t\n\t\t>\n<div class=\"siteorigin-widget-tinymce textwidget\">\n\t<h2 style=\"text-align: center;\">EXAMINAMOS LA VITAMIX\u2026<\/h2>\n<p style=\"text-align: center;\">En Vitamix, nuestra pasi\u00f3n por la comida es casi una obsesi\u00f3n. Por eso prestamos mucha atenci\u00f3n a cada detalle desde hace m\u00e1s de 90 a\u00f1os.<\/p>\n<div class=\"feature_product\">\n<div class=\"feature_image\"><img decoding=\"async\" class=\"img-responsive lazyload aligncenter wp-image-1933 size-full\" src=\"https:\/\/www.vitamixespana.com\/recetas\/wp-content\/uploads\/2020\/06\/A2500i-roja-2.jpg\" alt=\"\" width=\"400\" height=\"800\" \/><\/div>\n<div class=\"feature one\" style=\"margin-top: 90px;\">\n<p><strong>Todo organizado<\/strong><\/p>\n<p><em>Cada \u00e1ngulo de la jarra de Vitamix est\u00e1 dise\u00f1ado para que se produzca un remolino \u00fanico que sistem\u00e1ticamente hace que los ingredientes pasen por las cuchillas cada vez m\u00e1s r\u00e1pido, suavizando las mezclas.<\/em><\/p>\n<\/div>\n<div class=\"linea\"><\/div>\n<div class=\"feature two\"><strong>Cuchillas de acero inoxidable endurecido<\/strong>Hemos dise\u00f1ado unas cuchillas tan fuertes que ni siquiera tienen que estar afiladas, por eso la textura de las mezclas mantiene su calidad desde el primer d\u00eda de uso hasta el \u00faltimo.<\/div>\n<div class=\"feature three\"><strong>Refrigeraci\u00f3n del motor<\/strong><em>Nuestro motor se mantiene a una temperatura \u00f3ptima incluso en pleno rendimiento para proporcionar la potencia necesaria a la hora de procesar los alimentos.<\/em><\/div>\n<div class=\"feature four\"><strong>Sistema de accionamiento met\u00e1lico<\/strong><em>Vitamix utiliza un sistema de accionamiento met\u00e1lico que conecta la jarra con la base. De esta forma se consiguen mejores mezclas y una mayor vida \u00fatil.<\/em><\/div>\n<\/div>\n<\/div>\n<\/div><\/div><\/div><\/div><\/div><\/div><\/div><\/div><\/div><div id=\"pg-11-2\"  class=\"panel-grid panel-has-style\" ><div class=\"panel-row-style panel-row-style-for-11-2\" ><div id=\"pgc-11-2-0\"  class=\"panel-grid-cell\" ><div id=\"panel-11-2-0-0\" class=\"so-panel widget widget_siteorigin-panels-builder panel-first-child panel-last-child\" data-index=\"2\" ><div id=\"pl-w5b7bfc915b638\"  class=\"panel-layout\" ><div id=\"pg-w5b7bfc915b638-0\"  class=\"panel-grid panel-has-style\" ><div class=\"container panel-row-style panel-row-style-for-w5b7bfc915b638-0\" ><div id=\"pgc-w5b7bfc915b638-0-0\"  class=\"panel-grid-cell\" ><div id=\"panel-w5b7bfc915b638-0-0-0\" class=\"so-panel widget widget_sow-editor panel-first-child panel-last-child\" data-index=\"0\" ><div\n\t\t\t\n\t\t\tclass=\"so-widget-sow-editor so-widget-sow-editor-base\"\n\t\t\t\n\t\t>\n<div class=\"siteorigin-widget-tinymce textwidget\">\n\t<p><img decoding=\"async\" class=\"size-full wp-image-1935 alignleft\" src=\"https:\/\/www.lamejorbatidora.com\/recetas\/wp-content\/uploads\/2016\/06\/motor-duradero-Vitamix.jpg\" alt=\"\" width=\"600\" height=\"400\" srcset=\"https:\/\/www.vitamixespana.com\/recetas\/wp-content\/uploads\/2016\/06\/motor-duradero-Vitamix.jpg 600w, https:\/\/www.vitamixespana.com\/recetas\/wp-content\/uploads\/2016\/06\/motor-duradero-Vitamix-300x200.jpg 300w, https:\/\/www.vitamixespana.com\/recetas\/wp-content\/uploads\/2016\/06\/motor-duradero-Vitamix-272x182.jpg 272w\" sizes=\"(max-width: 600px) 100vw, 600px\" \/><\/p>\n<\/div>\n<\/div><\/div><\/div><div id=\"pgc-w5b7bfc915b638-0-1\"  class=\"panel-grid-cell\" ><div id=\"panel-w5b7bfc915b638-0-1-0\" class=\"so-panel widget widget_sow-editor panel-first-child panel-last-child\" data-index=\"1\" ><div\n\t\t\t\n\t\t\tclass=\"so-widget-sow-editor so-widget-sow-editor-base\"\n\t\t\t\n\t\t>\n<div class=\"siteorigin-widget-tinymce textwidget\">\n\t<\/p>\n<h2 style=\"text-align: left;\">MOTORES DE LARGA DURACI\u00d3N<\/h2>\n<p style=\"text-align: left;\">La clave para que un motor dure es evitar que se recaliente. Los ingenieros de Vitamix han estado trabajando durante d\u00e9cadas para evitar que el motor alcance altas temperaturas y han optimizado la circulaci\u00f3n del flujo de aire alrededor del motor, ventilando las partes que m\u00e1s lo necesitan. El resultado es un motor m\u00e1s silencioso y fiable que trabaja durante a\u00f1os con total eficacia.<\/p>\n<\/div>\n<\/div><\/div><\/div><\/div><\/div><\/div><\/div><\/div><\/div><\/div><\/div>","protected":false},"excerpt":{"rendered":"<p>DURACI\u00d3N INCOMPARABLE 5-10 a\u00f1os de garant\u00eda para todos los componentes Adquirir una batidora Vitamix supone un gasto considerable, sin embargo, comprar una batidora barata puede no ser una muy buena inversi\u00f3n. Comprar Vitamix es comprar fiabilidad, ya que es una batidora para toda la vida: las batidoras Vitamix est\u00e1n dise\u00f1adas y construidas para durar. EXAMINAMOS [&hellip;]<\/p>\n","protected":false},"author":1,"featured_media":0,"parent":0,"menu_order":0,"comment_status":"closed","ping_status":"closed","template":"page-fullwidth.php","meta":{"footnotes":""},"class_list":["post-11","page","type-page","status-publish","hentry"],"yoast_head":"<!-- This site is optimized with the Yoast SEO plugin v26.1 - https:\/\/yoast.com\/wordpress\/plugins\/seo\/ -->\n<title>Vitamix - Duraci\u00f3n y calidad incomparable<\/title>\n<meta name=\"description\" content=\"Comprar Vitamix es comprar fiabilidad, ya que es una batidora para toda la vida: las batidoras Vitamix est\u00e1n dise\u00f1adas y construidas para durar.\" \/>\n<meta name=\"robots\" content=\"index, follow, max-snippet:-1, max-image-preview:large, max-video-preview:-1\" \/>\n<link rel=\"canonical\" href=\"https:\/\/www.vitamixespana.com\/recetas\/duracion-incomparable\/\" \/>\n<meta property=\"og:locale\" content=\"es_ES\" \/>\n<meta property=\"og:type\" content=\"article\" \/>\n<meta property=\"og:title\" content=\"Vitamix - Duraci\u00f3n y calidad incomparable\" \/>\n<meta property=\"og:description\" content=\"Comprar Vitamix es comprar fiabilidad, ya que es una batidora para toda la vida: las batidoras Vitamix est\u00e1n dise\u00f1adas y construidas para durar.\" \/>\n<meta property=\"og:url\" content=\"https:\/\/www.vitamixespana.com\/recetas\/duracion-incomparable\/\" \/>\n<meta property=\"og:site_name\" content=\"Recetas Vitamix\" \/>\n<meta property=\"article:modified_time\" content=\"2020-06-12T06:51:00+00:00\" \/>\n<meta property=\"og:image\" content=\"https:\/\/www.vitamixespana.com\/recetas\/wp-content\/uploads\/2020\/06\/A2500i-roja-2.jpg\" \/>\n<meta name=\"twitter:card\" content=\"summary_large_image\" \/>\n<meta name=\"twitter:label1\" content=\"Tiempo de lectura\" \/>\n\t<meta name=\"twitter:data1\" content=\"2 minutos\" \/>\n<script type=\"application\/ld+json\" class=\"yoast-schema-graph\">{\"@context\":\"https:\/\/schema.org\",\"@graph\":[{\"@type\":\"WebPage\",\"@id\":\"https:\/\/www.vitamixespana.com\/recetas\/duracion-incomparable\/\",\"url\":\"https:\/\/www.vitamixespana.com\/recetas\/duracion-incomparable\/\",\"name\":\"Vitamix - Duraci\u00f3n y calidad incomparable\",\"isPartOf\":{\"@id\":\"https:\/\/www.vitamixespana.com\/recetas\/#website\"},\"primaryImageOfPage\":{\"@id\":\"https:\/\/www.vitamixespana.com\/recetas\/duracion-incomparable\/#primaryimage\"},\"image\":{\"@id\":\"https:\/\/www.vitamixespana.com\/recetas\/duracion-incomparable\/#primaryimage\"},\"thumbnailUrl\":\"https:\/\/www.vitamixespana.com\/recetas\/wp-content\/uploads\/2020\/06\/A2500i-roja-2.jpg\",\"datePublished\":\"2016-06-23T09:43:42+00:00\",\"dateModified\":\"2020-06-12T06:51:00+00:00\",\"description\":\"Comprar Vitamix es comprar fiabilidad, ya que es una batidora para toda la vida: las batidoras Vitamix est\u00e1n dise\u00f1adas y construidas para durar.\",\"breadcrumb\":{\"@id\":\"https:\/\/www.vitamixespana.com\/recetas\/duracion-incomparable\/#breadcrumb\"},\"inLanguage\":\"es\",\"potentialAction\":[{\"@type\":\"ReadAction\",\"target\":[\"https:\/\/www.vitamixespana.com\/recetas\/duracion-incomparable\/\"]}]},{\"@type\":\"ImageObject\",\"inLanguage\":\"es\",\"@id\":\"https:\/\/www.vitamixespana.com\/recetas\/duracion-incomparable\/#primaryimage\",\"url\":\"https:\/\/www.vitamixespana.com\/recetas\/wp-content\/uploads\/2020\/06\/A2500i-roja-2.jpg\",\"contentUrl\":\"https:\/\/www.vitamixespana.com\/recetas\/wp-content\/uploads\/2020\/06\/A2500i-roja-2.jpg\"},{\"@type\":\"BreadcrumbList\",\"@id\":\"https:\/\/www.vitamixespana.com\/recetas\/duracion-incomparable\/#breadcrumb\",\"itemListElement\":[{\"@type\":\"ListItem\",\"position\":1,\"name\":\"Inicio\",\"item\":\"https:\/\/www.vitamixespana.com\/\"},{\"@type\":\"ListItem\",\"position\":2,\"name\":\"Recetas\",\"item\":\"https:\/\/www.vitamixespana.com\/recetas\/\"},{\"@type\":\"ListItem\",\"position\":3,\"name\":\"Duraci\u00f3n incomparable\"}]},{\"@type\":\"WebSite\",\"@id\":\"https:\/\/www.vitamixespana.com\/recetas\/#website\",\"url\":\"https:\/\/www.vitamixespana.com\/recetas\/\",\"name\":\"Recetas Vitamix\",\"description\":\"Recetas realizadas con Vitamix, la mejor batidora.\",\"potentialAction\":[{\"@type\":\"SearchAction\",\"target\":{\"@type\":\"EntryPoint\",\"urlTemplate\":\"https:\/\/www.vitamixespana.com\/recetas\/?s={search_term_string}\"},\"query-input\":{\"@type\":\"PropertyValueSpecification\",\"valueRequired\":true,\"valueName\":\"search_term_string\"}}],\"inLanguage\":\"es\"}]}<\/script>\n<!-- \/ Yoast SEO plugin. -->","yoast_head_json":{"title":"Vitamix - Duraci\u00f3n y calidad incomparable","description":"Comprar Vitamix es comprar fiabilidad, ya que es una batidora para toda la vida: las batidoras Vitamix est\u00e1n dise\u00f1adas y construidas para durar.","robots":{"index":"index","follow":"follow","max-snippet":"max-snippet:-1","max-image-preview":"max-image-preview:large","max-video-preview":"max-video-preview:-1"},"canonical":"https:\/\/www.vitamixespana.com\/recetas\/duracion-incomparable\/","og_locale":"es_ES","og_type":"article","og_title":"Vitamix - Duraci\u00f3n y calidad incomparable","og_description":"Comprar Vitamix es comprar fiabilidad, ya que es una batidora para toda la vida: las batidoras Vitamix est\u00e1n dise\u00f1adas y construidas para durar.","og_url":"https:\/\/www.vitamixespana.com\/recetas\/duracion-incomparable\/","og_site_name":"Recetas Vitamix","article_modified_time":"2020-06-12T06:51:00+00:00","og_image":[{"url":"https:\/\/www.vitamixespana.com\/recetas\/wp-content\/uploads\/2020\/06\/A2500i-roja-2.jpg","type":"","width":"","height":""}],"twitter_card":"summary_large_image","twitter_misc":{"Tiempo de lectura":"2 minutos"},"schema":{"@context":"https:\/\/schema.org","@graph":[{"@type":"WebPage","@id":"https:\/\/www.vitamixespana.com\/recetas\/duracion-incomparable\/","url":"https:\/\/www.vitamixespana.com\/recetas\/duracion-incomparable\/","name":"Vitamix - Duraci\u00f3n y calidad incomparable","isPartOf":{"@id":"https:\/\/www.vitamixespana.com\/recetas\/#website"},"primaryImageOfPage":{"@id":"https:\/\/www.vitamixespana.com\/recetas\/duracion-incomparable\/#primaryimage"},"image":{"@id":"https:\/\/www.vitamixespana.com\/recetas\/duracion-incomparable\/#primaryimage"},"thumbnailUrl":"https:\/\/www.vitamixespana.com\/recetas\/wp-content\/uploads\/2020\/06\/A2500i-roja-2.jpg","datePublished":"2016-06-23T09:43:42+00:00","dateModified":"2020-06-12T06:51:00+00:00","description":"Comprar Vitamix es comprar fiabilidad, ya que es una batidora para toda la vida: las batidoras Vitamix est\u00e1n dise\u00f1adas y construidas para durar.","breadcrumb":{"@id":"https:\/\/www.vitamixespana.com\/recetas\/duracion-incomparable\/#breadcrumb"},"inLanguage":"es","potentialAction":[{"@type":"ReadAction","target":["https:\/\/www.vitamixespana.com\/recetas\/duracion-incomparable\/"]}]},{"@type":"ImageObject","inLanguage":"es","@id":"https:\/\/www.vitamixespana.com\/recetas\/duracion-incomparable\/#primaryimage","url":"https:\/\/www.vitamixespana.com\/recetas\/wp-content\/uploads\/2020\/06\/A2500i-roja-2.jpg","contentUrl":"https:\/\/www.vitamixespana.com\/recetas\/wp-content\/uploads\/2020\/06\/A2500i-roja-2.jpg"},{"@type":"BreadcrumbList","@id":"https:\/\/www.vitamixespana.com\/recetas\/duracion-incomparable\/#breadcrumb","itemListElement":[{"@type":"ListItem","position":1,"name":"Inicio","item":"https:\/\/www.vitamixespana.com\/"},{"@type":"ListItem","position":2,"name":"Recetas","item":"https:\/\/www.vitamixespana.com\/recetas\/"},{"@type":"ListItem","position":3,"name":"Duraci\u00f3n incomparable"}]},{"@type":"WebSite","@id":"https:\/\/www.vitamixespana.com\/recetas\/#website","url":"https:\/\/www.vitamixespana.com\/recetas\/","name":"Recetas Vitamix","description":"Recetas realizadas con Vitamix, la mejor batidora.","potentialAction":[{"@type":"SearchAction","target":{"@type":"EntryPoint","urlTemplate":"https:\/\/www.vitamixespana.com\/recetas\/?s={search_term_string}"},"query-input":{"@type":"PropertyValueSpecification","valueRequired":true,"valueName":"search_term_string"}}],"inLanguage":"es"}]}},"_links":{"self":[{"href":"https:\/\/www.vitamixespana.com\/recetas\/wp-json\/wp\/v2\/pages\/11","targetHints":{"allow":["GET"]}}],"collection":[{"href":"https:\/\/www.vitamixespana.com\/recetas\/wp-json\/wp\/v2\/pages"}],"about":[{"href":"https:\/\/www.vitamixespana.com\/recetas\/wp-json\/wp\/v2\/types\/page"}],"author":[{"embeddable":true,"href":"https:\/\/www.vitamixespana.com\/recetas\/wp-json\/wp\/v2\/users\/1"}],"replies":[{"embeddable":true,"href":"https:\/\/www.vitamixespana.com\/recetas\/wp-json\/wp\/v2\/comments?post=11"}],"version-history":[{"count":72,"href":"https:\/\/www.vitamixespana.com\/recetas\/wp-json\/wp\/v2\/pages\/11\/revisions"}],"predecessor-version":[{"id":1567,"href":"https:\/\/www.vitamixespana.com\/recetas\/wp-json\/wp\/v2\/pages\/11\/revisions\/1567"}],"wp:attachment":[{"href":"https:\/\/www.vitamixespana.com\/recetas\/wp-json\/wp\/v2\/media?parent=11"}],"curies":[{"name":"wp","href":"https:\/\/api.w.org\/{rel}","templated":true}]}}